{"id":30,"date":"2017-10-27T11:28:49","date_gmt":"2017-10-27T11:28:49","guid":{"rendered":"http:\/\/zuhaus.mikado-themes.com\/?page_id=30"},"modified":"2023-02-13T13:02:13","modified_gmt":"2023-02-13T12:02:13","slug":"a-propos-de-milkiya","status":"publish","type":"page","link":"https:\/\/int.milkiya.ma\/fr_fr\/a-propos-de-milkiya\/","title":{"rendered":"Qui sommes nous ?"},"content":{"rendered":"<div class=\"vc_row wpb_row vc_row-fluid\" ><div class=\"wpb_column vc_column_container vc_col-sm-12\"><div class=\"vc_column-inner\"><div class=\"wpb_wrapper\"><div class=\"mkdf-elements-holder   mkdf-two-columns  mkdf-responsive-mode-768 \" ><div class=\"mkdf-eh-item    \"  data-item-class=\"mkdf-eh-custom-7963\">\n\t<div class=\"mkdf-eh-item-inner\">\n\t\t<div class=\"mkdf-eh-item-content mkdf-eh-custom-7963\" style=\"padding: 5% 10%\">\n\t\t\t\n\t<div  class=\"wpb_single_image wpb_content_element vc_align_left\">\n\t\t\n\t\t<figure class=\"wpb_wrapper vc_figure\">\n\t\t\t<div class=\"vc_single_image-wrapper   vc_box_border_grey\"><img loading=\"lazy\" decoding=\"async\" width=\"800\" height=\"537\" src=\"https:\/\/int.milkiya.ma\/wp-content\/uploads\/2017\/10\/about-img-1.jpg\" class=\"vc_single_image-img attachment-full\" alt=\"a\" title=\"about-img-1\" srcset=\"https:\/\/int.milkiya.ma\/wp-content\/uploads\/2017\/10\/about-img-1.jpg 800w, https:\/\/int.milkiya.ma\/wp-content\/uploads\/2017\/10\/about-img-1-600x403.jpg 600w, https:\/\/int.milkiya.ma\/wp-content\/uploads\/2017\/10\/about-img-1-300x201.jpg 300w, https:\/\/int.milkiya.ma\/wp-content\/uploads\/2017\/10\/about-img-1-768x516.jpg 768w\" sizes=\"auto, (max-width: 800px) 100vw, 800px\" \/><\/div>\n\t\t<\/figure>\n\t<\/div>\n\t\t<\/div>\n\t<\/div>\n<\/div><div class=\"mkdf-eh-item    \"  data-item-class=\"mkdf-eh-custom-2820\">\n\t<div class=\"mkdf-eh-item-inner\">\n\t\t<div class=\"mkdf-eh-item-content mkdf-eh-custom-2820\" style=\"padding: 5% 10%\">\n\t\t\t<div class=\"mkdf-section-title-holder  mkdf-st-standard mkdf-st-title-center mkdf-st-normal-space \" >\n\t<div class=\"mkdf-st-inner\">\n\t\t\t\t\t<h2 class=\"mkdf-st-title\" >\n\t\t\t\t\u00c0 propos de Milkiya\t\t\t<\/h2>\n\t\t\t\t\t\t\t<h4 class=\"mkdf-st-text\" >\n\t\t\t\tPremier r\u00e9seau d'agents immobiliers au Maroc\t\t\t<\/h4>\n\t\t\t<\/div>\n<\/div><div class=\"vc_empty_space\"   style=\"height: 12px\"><span class=\"vc_empty_space_inner\"><\/span><\/div>\n\t<div class=\"wpb_text_column wpb_content_element \" >\n\t\t<div class=\"wpb_wrapper\">\n\t\t\t<p>Milkiya est un r\u00e9seau d\u2019agents immobiliers qui repose sur le concept d\u2019agence immobili\u00e8re d\u00e9mat\u00e9rialis\u00e9e, inspir\u00e9 d\u2019un mod\u00e8le fran\u00e7ais et leader europ\u00e9en.<\/p>\n<p>Son mod\u00e8le \u00e9conomique est bas\u00e9 sur le marketing de r\u00e9seau, connu sous le nom de MLM (Multi Level Marketing).<\/p>\n\n\t\t<\/div>\n\t<\/div>\n\n\t<div class=\"wpb_text_column wpb_content_element \" >\n\t\t<div class=\"wpb_wrapper\">\n\t\t\t<p>Milkiya fonctionne selon trois principes fondamentaux, qui constituent son ADN unique. l\u2019Immobilier, le marketing de r\u00e9seaux et le Digital.<\/p>\n\n\t\t<\/div>\n\t<\/div>\n\t\t<\/div>\n\t<\/div>\n<\/div><\/div><\/div><\/div><\/div><\/div><div class=\"vc_row wpb_row vc_row-fluid\" ><div class=\"wpb_column vc_column_container vc_col-sm-12\"><div class=\"vc_column-inner\"><div class=\"wpb_wrapper\"><div class=\"mkdf-elements-holder   mkdf-two-columns  mkdf-responsive-mode-768 \" ><div class=\"mkdf-eh-item    \"  data-item-class=\"mkdf-eh-custom-9858\">\n\t<div class=\"mkdf-eh-item-inner\">\n\t\t<div class=\"mkdf-eh-item-content mkdf-eh-custom-9858\" style=\"padding: 5% 10%\">\n\t\t\t<div class=\"mkdf-section-title-holder  mkdf-st-standard mkdf-st-title-center mkdf-st-normal-space \" >\n\t<div class=\"mkdf-st-inner\">\n\t\t\t\t\t<h2 class=\"mkdf-st-title\" >\n\t\t\t\tPourquoi confier votre projet \u00e0 Milkiya ?\t\t\t<\/h2>\n\t\t\t\t\t<\/div>\n<\/div><div class=\"vc_empty_space\"   style=\"height: 12px\"><span class=\"vc_empty_space_inner\"><\/span><\/div>\n\t<div class=\"wpb_text_column wpb_content_element \" >\n\t\t<div class=\"wpb_wrapper\">\n\t\t\t<p>Nos nombreux agents immobiliers ind\u00e9pendants, sont des experts disponibles et \u00e0 l\u2019\u00e9coute de nos clients. Leur objectif, est de vous accompagner pendant toutes les \u00e9tapes de votre projet immobilier, et aboutir au r\u00e9sultat attendu.<\/p>\n<p>Gr\u00e2ce \u00e0 notre syst\u00e8me d\u2019entraide et de partage, sur lequel se basent nos agents, votre projet immobilier sera concr\u00e9tis\u00e9 dans les meilleurs d\u00e9lais et les meilleures conditions .<\/p>\n\n\t\t<\/div>\n\t<\/div>\n\t\t<\/div>\n\t<\/div>\n<\/div><div class=\"mkdf-eh-item    \"  data-item-class=\"mkdf-eh-custom-2182\">\n\t<div class=\"mkdf-eh-item-inner\">\n\t\t<div class=\"mkdf-eh-item-content mkdf-eh-custom-2182\" style=\"padding: 5% 10%\">\n\t\t\t\n\t<div  class=\"wpb_single_image wpb_content_element vc_align_left\">\n\t\t\n\t\t<figure class=\"wpb_wrapper vc_figure\">\n\t\t\t<div class=\"vc_single_image-wrapper   vc_box_border_grey\"><img loading=\"lazy\" decoding=\"async\" width=\"1000\" height=\"667\" src=\"https:\/\/int.milkiya.ma\/wp-content\/uploads\/2022\/10\/chef-dagence-immobiliere.jpg\" class=\"vc_single_image-img attachment-large\" alt=\"\" title=\"chef-dagence-immobili\u00e8re\" srcset=\"https:\/\/int.milkiya.ma\/wp-content\/uploads\/2022\/10\/chef-dagence-immobiliere.jpg 1000w, https:\/\/int.milkiya.ma\/wp-content\/uploads\/2022\/10\/chef-dagence-immobiliere-300x200.jpg 300w, https:\/\/int.milkiya.ma\/wp-content\/uploads\/2022\/10\/chef-dagence-immobiliere-768x512.jpg 768w, https:\/\/int.milkiya.ma\/wp-content\/uploads\/2022\/10\/chef-dagence-immobiliere-18x12.jpg 18w\" sizes=\"auto, (max-width: 1000px) 100vw, 1000px\" \/><\/div>\n\t\t<\/figure>\n\t<\/div>\n\t\t<\/div>\n\t<\/div>\n<\/div><\/div><\/div><\/div><\/div><\/div><div class=\"mkdf-row-grid-section-wrapper \"  style=\"background-color:#f3f3f3\"><div class=\"mkdf-row-grid-section\"><div class=\"vc_row wpb_row vc_row-fluid vc_custom_1510043434169\" ><div class=\"wpb_column vc_column_container vc_col-sm-12\"><div class=\"vc_column-inner\"><div class=\"wpb_wrapper\"><div class=\"mkdf-section-title-holder  mkdf-st-standard mkdf-st-title-center mkdf-st-normal-space \" style=\"text-align: center\">\n\t<div class=\"mkdf-st-inner\">\n\t\t\t\t\t<h2 class=\"mkdf-st-title\" >\n\t\t\t\tUn aper\u00e7u de nos meilleurs conseillers\t\t\t<\/h2>\n\t\t\t\t\t\t\t<p class=\"mkdf-st-text\" style=\"font-size: 18px\">\n\t\t\t\tNos agents sont \u00e0 votre disposition, n\u2019h\u00e9sitez pas \u00e0 les contacter.\t\t\t<\/p>\n\t\t\t<\/div>\n<\/div><div class=\"vc_empty_space\"   style=\"height: 50px\"><span class=\"vc_empty_space_inner\"><\/span><\/div><div class=\"mkdf-elements-holder   mkdf-five-columns  mkdf-responsive-mode-768 mkdf-one-column-alignment-center\" ><div class=\"mkdf-eh-item    \"  data-item-class=\"mkdf-eh-custom-4196\">\n\t<div class=\"mkdf-eh-item-inner\">\n\t\t<div class=\"mkdf-eh-item-content mkdf-eh-custom-4196\" >\n\t\t\t<div class=\"container \"><div class=\"row\"><div class=\"col-md col-sm-6\"><div class=\"card milkiya-card mb-1 mb-xl-0\"><div class=\"card-body text-center\"><img decoding=\"async\" id=\"img-profile\" class=\"img-account-profile rounded-circle mb-1\" src=\" https:\/\/api-demo.web.milkiya.ma\/collaborator\/avatar\/decorated_avatar.jpg \" alt=\"\"><div><p class=\"fw-bolder\">Soufiane BAMOU<\/p><p class=\"fw-normal\"><i class=\"fa fa-map-marker ms-2 mx-2\"><\/i>Casablanca<\/p><\/div><a href=\"https:\/\/int.milkiya.ma\/agents-immobiliers\/Soufiane-Bamou-3095\" class=\"link stretched-link\"><\/a><\/div><\/div><\/div><div class=\"col-md col-sm-6\"><div class=\"card milkiya-card mb-1 mb-xl-0\"><div class=\"card-body text-center\"><img decoding=\"async\" id=\"img-profile\" class=\"img-account-profile rounded-circle mb-1\" src=\" https:\/\/api-demo.web.milkiya.ma\/collaborator\/avatar\/f4bd7c2b2b72b66bd6e2.jpg \" alt=\"\"><div><p class=\"fw-bolder\">Fahim NEZAR<\/p><p class=\"fw-normal\"><i class=\"fa fa-map-marker ms-2 mx-2\"><\/i>Casablanca<\/p><\/div><a href=\"https:\/\/int.milkiya.ma\/agents-immobiliers\/Fahim-Nezar-3093\" class=\"link stretched-link\"><\/a><\/div><\/div><\/div><div class=\"col-md col-sm-6\"><div class=\"card milkiya-card mb-1 mb-xl-0\"><div class=\"card-body text-center\"><img decoding=\"async\" id=\"img-profile\" class=\"img-account-profile rounded-circle mb-1\" src=\" https:\/\/int.milkiya.ma\/wp-content\/plugins\/milkiya-show-agents-list\/assets\/img\/avatar\/agent-m.webp \" alt=\"\"><div><p class=\"fw-bolder\">SymfonyT SOUFIANE<\/p><p class=\"fw-normal\"><i class=\"fa fa-map-marker ms-2 mx-2\"><\/i>Sal\u00e9<\/p><\/div><a href=\"https:\/\/int.milkiya.ma\/agents-immobiliers\/SymfonyT-Soufiane-3746\" class=\"link stretched-link\"><\/a><\/div><\/div><\/div><div class=\"col-md col-sm-6\"><div class=\"card milkiya-card mb-1 mb-xl-0\"><div class=\"card-body text-center\"><img decoding=\"async\" id=\"img-profile\" class=\"img-account-profile rounded-circle mb-1\" src=\" https:\/\/api-demo.web.milkiya.ma\/collaborator\/avatar\/decorated_avatar.jpg \" alt=\"\"><div><p class=\"fw-bolder\">Elkebir KACEM<\/p><p class=\"fw-normal\"><i class=\"fa fa-map-marker ms-2 mx-2\"><\/i>A\u00efn Harrouda<\/p><\/div><a href=\"https:\/\/int.milkiya.ma\/agents-immobiliers\/Elkebir-Kacem-3095\" class=\"link stretched-link\"><\/a><\/div><\/div><\/div><div class=\"col-md col-sm-6\"><div class=\"card milkiya-card mb-1 mb-xl-0\"><div class=\"card-body text-center\"><img decoding=\"async\" id=\"img-profile\" class=\"img-account-profile rounded-circle mb-1\" src=\" https:\/\/api-demo.web.milkiya.ma\/collaborator\/avatar\/decorated_avatar.jpg \" alt=\"\"><div><p class=\"fw-bolder\">Hicham EL FASSI<\/p><p class=\"fw-normal\"><i class=\"fa fa-map-marker ms-2 mx-2\"><\/i>Casablanca<\/p><\/div><a href=\"https:\/\/int.milkiya.ma\/agents-immobiliers\/Hicham-EL-FASSI-3116\" class=\"link stretched-link\"><\/a><\/div><\/div><\/div><\/div><\/div>\n\t<div class=\"wpb_text_column wpb_content_element \" >\n\t\t<div class=\"wpb_wrapper\">\n\t\t\t\n\n\t\t<\/div>\n\t<\/div>\n\t\t<\/div>\n\t<\/div>\n<\/div><\/div><\/div><\/div><\/div><\/div><\/div><\/div><div class=\"mkdf-row-grid-section-wrapper mkdf-content-aligment-center\"  ><div class=\"mkdf-row-grid-section\"><div class=\"vc_row wpb_row vc_row-fluid vc_custom_1509379034576\" ><div class=\"wpb_column vc_column_container vc_col-sm-12\"><div class=\"vc_column-inner\"><div class=\"wpb_wrapper\"><div class=\"mkdf-section-title-holder  mkdf-st-standard mkdf-st-title-center mkdf-st-normal-space \" style=\"text-align: center\">\n\t<div class=\"mkdf-st-inner\">\n\t\t\t\t\t<h2 class=\"mkdf-st-title\" >\n\t\t\t\tDevenir conseiller immobilier ?\t\t\t<\/h2>\n\t\t\t\t\t\t\t<p class=\"mkdf-st-text\" style=\"font-size: 18px\">\n\t\t\t\tNos agents sont \u00e0 votre disposition, n\u2019h\u00e9sitez pas \u00e0 les contacter.\t\t\t<\/p>\n\t\t\t<\/div>\n<\/div><div class=\"vc_empty_space\"   style=\"height: 62px\"><span class=\"vc_empty_space_inner\"><\/span><\/div><div class=\"vc_row wpb_row vc_inner vc_row-fluid mkdf-content-aligment-left\" ><div class=\"wpb_column vc_column_container vc_col-sm-12 vc_col-lg-4\"><div class=\"vc_column-inner\"><div class=\"wpb_wrapper\">\n\t<div  class=\"wpb_single_image wpb_content_element vc_align_left\">\n\t\t\n\t\t<figure class=\"wpb_wrapper vc_figure\">\n\t\t\t<div class=\"vc_single_image-wrapper   vc_box_border_grey\"><img loading=\"lazy\" decoding=\"async\" width=\"800\" height=\"575\" src=\"https:\/\/int.milkiya.ma\/wp-content\/uploads\/2017\/10\/about-img-3.jpg\" class=\"vc_single_image-img attachment-full\" alt=\"a\" title=\"about-img-3\" srcset=\"https:\/\/int.milkiya.ma\/wp-content\/uploads\/2017\/10\/about-img-3.jpg 800w, https:\/\/int.milkiya.ma\/wp-content\/uploads\/2017\/10\/about-img-3-600x431.jpg 600w, https:\/\/int.milkiya.ma\/wp-content\/uploads\/2017\/10\/about-img-3-300x216.jpg 300w, https:\/\/int.milkiya.ma\/wp-content\/uploads\/2017\/10\/about-img-3-768x552.jpg 768w\" sizes=\"auto, (max-width: 800px) 100vw, 800px\" \/><\/div>\n\t\t<\/figure>\n\t<\/div>\n\n\t<div class=\"wpb_text_column wpb_content_element  vc_custom_1661335954606\" >\n\t\t<div class=\"wpb_wrapper\">\n\t\t\t<h5>Int\u00e9grer le r\u00e9seau Milkiya<\/h5>\n\n\t\t<\/div>\n\t<\/div>\n\n\t<div class=\"wpb_text_column wpb_content_element \" >\n\t\t<div class=\"wpb_wrapper\">\n\t\t\t<p>Rejoindre le r\u00e9seau MILKIYA, vous permet d\u2019exercer tous les m\u00e9tiers li\u00e9s \u00e0 la transaction immobili\u00e8re : achat et vente de biens anciens \/ neufs, ou foncier, et location de biens.<\/p>\n\n\t\t<\/div>\n\t<\/div>\n<div class=\"vc_empty_space\"   style=\"height: 32px\"><span class=\"vc_empty_space_inner\"><\/span><\/div><\/div><\/div><\/div><div class=\"wpb_column vc_column_container vc_col-sm-12 vc_col-lg-4\"><div class=\"vc_column-inner\"><div class=\"wpb_wrapper\">\n\t<div  class=\"wpb_single_image wpb_content_element vc_align_left\">\n\t\t\n\t\t<figure class=\"wpb_wrapper vc_figure\">\n\t\t\t<div class=\"vc_single_image-wrapper   vc_box_border_grey\"><img loading=\"lazy\" decoding=\"async\" width=\"800\" height=\"575\" src=\"https:\/\/int.milkiya.ma\/wp-content\/uploads\/2017\/10\/about-img-4.jpg\" class=\"vc_single_image-img attachment-full\" alt=\"a\" title=\"about-img-4\" srcset=\"https:\/\/int.milkiya.ma\/wp-content\/uploads\/2017\/10\/about-img-4.jpg 800w, https:\/\/int.milkiya.ma\/wp-content\/uploads\/2017\/10\/about-img-4-600x431.jpg 600w, https:\/\/int.milkiya.ma\/wp-content\/uploads\/2017\/10\/about-img-4-300x216.jpg 300w, https:\/\/int.milkiya.ma\/wp-content\/uploads\/2017\/10\/about-img-4-768x552.jpg 768w\" sizes=\"auto, (max-width: 800px) 100vw, 800px\" \/><\/div>\n\t\t<\/figure>\n\t<\/div>\n\n\t<div class=\"wpb_text_column wpb_content_element  vc_custom_1661335980745\" >\n\t\t<div class=\"wpb_wrapper\">\n\t\t\t<h5>Pourquoi choisir Milkiya ?<\/h5>\n\n\t\t<\/div>\n\t<\/div>\n\n\t<div class=\"wpb_text_column wpb_content_element \" >\n\t\t<div class=\"wpb_wrapper\">\n\t\t\t<ul style=\"padding-left: 0px;\">\n<li>Une plateforme digitale avec de multiples services,<\/li>\n<li>Sources de r\u00e9mun\u00e9rations attractives et r\u00e9currentes,<\/li>\n<li>Devenir son propre patron sans frais de fonctionnement,<\/li>\n<li>Formation, accompagnement et suivi par votre parrain.<\/li>\n<\/ul>\n\n\t\t<\/div>\n\t<\/div>\n<div class=\"vc_empty_space\"   style=\"height: 32px\"><span class=\"vc_empty_space_inner\"><\/span><\/div><\/div><\/div><\/div><div class=\"wpb_column vc_column_container vc_col-sm-12 vc_col-lg-4\"><div class=\"vc_column-inner\"><div class=\"wpb_wrapper\">\n\t<div  class=\"wpb_single_image wpb_content_element vc_align_left\">\n\t\t\n\t\t<figure class=\"wpb_wrapper vc_figure\">\n\t\t\t<div class=\"vc_single_image-wrapper   vc_box_border_grey\"><img loading=\"lazy\" decoding=\"async\" width=\"959\" height=\"692\" src=\"https:\/\/int.milkiya.ma\/wp-content\/uploads\/2022\/11\/Comment-devenir-conseiller-Milkiya.webp\" class=\"vc_single_image-img attachment-full\" alt=\"\" title=\"Comment devenir conseiller Milkiya\" srcset=\"https:\/\/int.milkiya.ma\/wp-content\/uploads\/2022\/11\/Comment-devenir-conseiller-Milkiya.webp 959w, https:\/\/int.milkiya.ma\/wp-content\/uploads\/2022\/11\/Comment-devenir-conseiller-Milkiya-300x216.webp 300w, https:\/\/int.milkiya.ma\/wp-content\/uploads\/2022\/11\/Comment-devenir-conseiller-Milkiya-768x554.webp 768w, https:\/\/int.milkiya.ma\/wp-content\/uploads\/2022\/11\/Comment-devenir-conseiller-Milkiya-18x12.webp 18w\" sizes=\"auto, (max-width: 959px) 100vw, 959px\" \/><\/div>\n\t\t<\/figure>\n\t<\/div>\n\n\t<div class=\"wpb_text_column wpb_content_element  vc_custom_1661336035571\" >\n\t\t<div class=\"wpb_wrapper\">\n\t\t\t<h5>Comment devenir conseiller Milkiya ?<\/h5>\n\n\t\t<\/div>\n\t<\/div>\n\n\t<div class=\"wpb_text_column wpb_content_element \" >\n\t\t<div class=\"wpb_wrapper\">\n\t\t\t<p>Rien de plus simple ! Allez sur la page <a href=\"https:\/\/www.milkiya.ma\/trouver-un-conseiller-milkiya\/\"><strong>\u00ab\u00a0Trouver un conseiller\u00a0\u00bb<\/strong><\/a>, recherchez par ville ou par nom. S\u00e9lectionnez-le, et remplissez le formulaire ! Maintenant, c\u2019est \u00e0 vous de d\u00e9velopper votre \u00e9quipe de conseillers !<\/p>\n\n\t\t<\/div>\n\t<\/div>\n<div class=\"vc_empty_space\"   style=\"height: 32px\"><span class=\"vc_empty_space_inner\"><\/span><\/div><\/div><\/div><\/div><\/div><\/div><\/div><\/div><\/div><\/div><\/div>\n","protected":false},"excerpt":{"rendered":"\u00c0 propos de Milkiya Premier r\u00e9seau d'agents immobiliers au Maroc Milkiya est un r\u00e9seau d\u2019agents immobiliers qui repose sur le concept d\u2019agence immobili\u00e8re d\u00e9mat\u00e9rialis\u00e9e, inspir\u00e9 d\u2019un mod\u00e8le fran\u00e7ais et leader europ\u00e9en. Son mod\u00e8le \u00e9conomique est bas\u00e9 sur le marketing de r\u00e9seau, connu sous le nom [...]","protected":false},"author":1,"featured_media":0,"parent":0,"menu_order":0,"comment_status":"closed","ping_status":"closed","template":"full-width.php","meta":{"footnotes":""},"class_list":["post-30","page","type-page","status-publish","hentry"],"acf":[],"aioseo_notices":[],"_links":{"self":[{"href":"https:\/\/int.milkiya.ma\/fr_fr\/wp-json\/wp\/v2\/pages\/30","targetHints":{"allow":["GET"]}}],"collection":[{"href":"https:\/\/int.milkiya.ma\/fr_fr\/wp-json\/wp\/v2\/pages"}],"about":[{"href":"https:\/\/int.milkiya.ma\/fr_fr\/wp-json\/wp\/v2\/types\/page"}],"author":[{"embeddable":true,"href":"https:\/\/int.milkiya.ma\/fr_fr\/wp-json\/wp\/v2\/users\/1"}],"replies":[{"embeddable":true,"href":"https:\/\/int.milkiya.ma\/fr_fr\/wp-json\/wp\/v2\/comments?post=30"}],"version-history":[{"count":33,"href":"https:\/\/int.milkiya.ma\/fr_fr\/wp-json\/wp\/v2\/pages\/30\/revisions"}],"predecessor-version":[{"id":5068,"href":"https:\/\/int.milkiya.ma\/fr_fr\/wp-json\/wp\/v2\/pages\/30\/revisions\/5068"}],"wp:attachment":[{"href":"https:\/\/int.milkiya.ma\/fr_fr\/wp-json\/wp\/v2\/media?parent=30"}],"curies":[{"name":"wp","href":"https:\/\/api.w.org\/{rel}","templated":true}]}}