{"id":2236,"date":"2017-11-10T09:59:54","date_gmt":"2017-11-10T09:59:54","guid":{"rendered":"http:\/\/zuhaus.mikado-themes.com\/?page_id=2236"},"modified":"2022-09-05T17:59:43","modified_gmt":"2022-09-05T15:59:43","slug":"rejoindre-milkiya","status":"publish","type":"page","link":"https:\/\/int.milkiya.ma\/fr_fr\/rejoindre-milkiya\/","title":{"rendered":"Rejoindre Milkiya"},"content":{"rendered":"<div class=\"mkdf-row-grid-section-wrapper \"  ><div class=\"mkdf-row-grid-section\"><div class=\"vc_row wpb_row vc_row-fluid vc_custom_1510656532077\" ><div class=\"wpb_column vc_column_container vc_col-sm-12 vc_col-lg-offset-1 vc_col-lg-10\"><div class=\"vc_column-inner\"><div class=\"wpb_wrapper\"><div class=\"vc_row wpb_row vc_inner vc_row-fluid\" ><div class=\"wpb_column vc_column_container vc_col-sm-6 vc_col-lg-5 vc_col-md-5\"><div class=\"vc_column-inner\"><div class=\"wpb_wrapper\">\n\t<div  class=\"wpb_single_image wpb_content_element vc_align_center\">\n\t\t\n\t\t<figure class=\"wpb_wrapper vc_figure\">\n\t\t\t<div class=\"vc_single_image-wrapper   vc_box_border_grey\"><img loading=\"lazy\" decoding=\"async\" width=\"348\" height=\"367\" src=\"https:\/\/int.milkiya.ma\/wp-content\/uploads\/2022\/08\/001-01.jpg\" class=\"vc_single_image-img attachment-full\" alt=\"\" title=\"001-01\" srcset=\"https:\/\/int.milkiya.ma\/wp-content\/uploads\/2022\/08\/001-01.jpg 348w, https:\/\/int.milkiya.ma\/wp-content\/uploads\/2022\/08\/001-01-284x300.jpg 284w\" sizes=\"auto, (max-width: 348px) 100vw, 348px\" \/><\/div>\n\t\t<\/figure>\n\t<\/div>\n<\/div><\/div><\/div><div class=\"wpb_column vc_column_container vc_col-sm-6 vc_col-lg-7 vc_col-md-7\"><div class=\"vc_column-inner\"><div class=\"wpb_wrapper\"><div class=\"mkdf-elements-holder   mkdf-one-column  mkdf-responsive-mode-768 \" ><div class=\"mkdf-eh-item    \"  data-item-class=\"mkdf-eh-custom-2942\" data-1024-1280=\"50px 0 0\" data-768-1024=\"15px 0 0\" data-680-768=\"0 0 0\">\n\t<div class=\"mkdf-eh-item-inner\">\n\t\t<div class=\"mkdf-eh-item-content mkdf-eh-custom-2942\" style=\"padding: 55px 0 0\">\n\t\t\t\n\t<div  class=\"wpb_single_image wpb_content_element vc_align_left  vc_custom_1510578047571\">\n\t\t\n\t\t<figure class=\"wpb_wrapper vc_figure\">\n\t\t\t<div class=\"vc_single_image-wrapper   vc_box_border_grey\"><img loading=\"lazy\" decoding=\"async\" width=\"200\" height=\"125\" src=\"https:\/\/int.milkiya.ma\/wp-content\/uploads\/2017\/11\/process-backgroung-img-1.png\" class=\"vc_single_image-img attachment-full\" alt=\"a\" title=\"process-backgroung-img-1\" \/><\/div>\n\t\t<\/figure>\n\t<\/div>\n\t\t<\/div>\n\t<\/div>\n<\/div><\/div><div class=\"mkdf-elements-holder   mkdf-one-column  mkdf-responsive-mode-768 \" ><div class=\"mkdf-eh-item    \"  data-item-class=\"mkdf-eh-custom-5065\" data-1024-1280=\"32px 0 0\" data-768-1024=\"28px 0 0\" data-680-768=\"5px 0 0\">\n\t<div class=\"mkdf-eh-item-inner\">\n\t\t<div class=\"mkdf-eh-item-content mkdf-eh-custom-5065\" style=\"padding: 28px 0 0\">\n\t\t\t<h2 class=\"mkdf-custom-font-holder  mkdf-cf-4679  \" style=\"font-size: 28px\" data-item-class=\"mkdf-cf-4679\">\n\tIdentifiez et ciblez l'agent immobilier qui vous convient le mieux<\/h2>\n\t<div class=\"wpb_text_column wpb_content_element \" >\n\t\t<div class=\"wpb_wrapper\">\n\t\t\t<p>Cherchez l&rsquo;agent immobilier qui vous int\u00e9resse par son nom ou par sa ville. Une fois s\u00e9lectionn\u00e9, vous pouvez l&rsquo;appeler, lui \u00e9crire un mail ou remplir le formulaire de parrainage. Une fois votre demande accept\u00e9e, il deviendra votre parrain tout au long de votre parcours chez Milkiya.<\/p>\n\n\t\t<\/div>\n\t<\/div>\n\t\t<\/div>\n\t<\/div>\n<\/div><\/div><\/div><\/div><\/div><\/div><\/div><\/div><\/div><\/div><\/div><\/div><div class=\"mkdf-row-grid-section-wrapper \"  ><div class=\"mkdf-row-grid-section\"><div class=\"vc_row wpb_row vc_row-fluid vc_custom_1510577968092\" ><div class=\"wpb_column vc_column_container vc_col-sm-12 vc_col-lg-offset-1 vc_col-lg-10\"><div class=\"vc_column-inner\"><div class=\"wpb_wrapper\"><div class=\"vc_row wpb_row vc_inner vc_row-fluid\" ><div class=\"wpb_column vc_column_container vc_col-sm-6 vc_col-lg-7 vc_col-md-7\"><div class=\"vc_column-inner\"><div class=\"wpb_wrapper\"><div class=\"mkdf-elements-holder   mkdf-one-column  mkdf-responsive-mode-768 \" ><div class=\"mkdf-eh-item    \"  data-item-class=\"mkdf-eh-custom-5076\" data-1024-1280=\"170px 0 0\" data-768-1024=\"120px 0 0\" data-680-768=\"76px 0 0\" data-680=\"100px 0 0\">\n\t<div class=\"mkdf-eh-item-inner\">\n\t\t<div class=\"mkdf-eh-item-content mkdf-eh-custom-5076\" style=\"padding: 170px 0 0\">\n\t\t\t\n\t<div  class=\"wpb_single_image wpb_content_element vc_align_left  vc_custom_1510585522817\">\n\t\t\n\t\t<figure class=\"wpb_wrapper vc_figure\">\n\t\t\t<div class=\"vc_single_image-wrapper   vc_box_border_grey\"><img loading=\"lazy\" decoding=\"async\" width=\"244\" height=\"125\" src=\"https:\/\/int.milkiya.ma\/wp-content\/uploads\/2017\/11\/process-background-img-2.png\" class=\"vc_single_image-img attachment-full\" alt=\"a\" title=\"process-background-img-2\" \/><\/div>\n\t\t<\/figure>\n\t<\/div>\n\t\t<\/div>\n\t<\/div>\n<\/div><\/div><div class=\"mkdf-elements-holder   mkdf-one-column  mkdf-responsive-mode-768 \" ><div class=\"mkdf-eh-item    \"  data-item-class=\"mkdf-eh-custom-3138\" data-1024-1280=\"20px 0 0\" data-680=\"20px 0 40px\">\n\t<div class=\"mkdf-eh-item-inner\">\n\t\t<div class=\"mkdf-eh-item-content mkdf-eh-custom-3138\" style=\"padding: 20px 0 0\">\n\t\t\t<h2 class=\"mkdf-custom-font-holder  mkdf-cf-8632  \" style=\"font-size: 28px\" data-item-class=\"mkdf-cf-8632\">\n\tAssistez \u00e0 une pr\u00e9sentation de MILKIYA<\/h2>\n\t<div class=\"wpb_text_column wpb_content_element \" >\n\t\t<div class=\"wpb_wrapper\">\n\t\t\t<p>L&rsquo;agent immobilier que vous avez choisi de contacter, vous invitera \u00e0 une POA (Pr\u00e9sentation d&rsquo;Opportunit\u00e9 d&rsquo;Affaires), pendant laquelle il vous pr\u00e9sentera Milkiya et tous les avantages qui vous permettront d&rsquo;int\u00e9grer notre r\u00e9seau de mandataires immobiliers, et vous \u00e9panouir professionnellement.<\/p>\n\n\t\t<\/div>\n\t<\/div>\n\t\t<\/div>\n\t<\/div>\n<\/div><\/div><\/div><\/div><\/div><div class=\"wpb_column vc_column_container vc_col-sm-6 vc_col-lg-5 vc_col-md-5\"><div class=\"vc_column-inner\"><div class=\"wpb_wrapper\">\n\t<div  class=\"wpb_single_image wpb_content_element vc_align_center\">\n\t\t\n\t\t<figure class=\"wpb_wrapper vc_figure\">\n\t\t\t<div class=\"vc_single_image-wrapper   vc_box_border_grey\"><img loading=\"lazy\" decoding=\"async\" width=\"348\" height=\"467\" src=\"https:\/\/int.milkiya.ma\/wp-content\/uploads\/2022\/08\/002-04.jpg\" class=\"vc_single_image-img attachment-full\" alt=\"\" title=\"002-04\" srcset=\"https:\/\/int.milkiya.ma\/wp-content\/uploads\/2022\/08\/002-04.jpg 348w, https:\/\/int.milkiya.ma\/wp-content\/uploads\/2022\/08\/002-04-224x300.jpg 224w\" sizes=\"auto, (max-width: 348px) 100vw, 348px\" \/><\/div>\n\t\t<\/figure>\n\t<\/div>\n<\/div><\/div><\/div><\/div><\/div><\/div><\/div><\/div><\/div><\/div><div class=\"mkdf-row-grid-section-wrapper \"  ><div class=\"mkdf-row-grid-section\"><div class=\"vc_row wpb_row vc_row-fluid vc_custom_1510577968092\" ><div class=\"wpb_column vc_column_container vc_col-sm-12 vc_col-lg-offset-1 vc_col-lg-10\"><div class=\"vc_column-inner\"><div class=\"wpb_wrapper\"><div class=\"vc_row wpb_row vc_inner vc_row-fluid\" ><div class=\"wpb_column vc_column_container vc_col-sm-6 vc_col-lg-5 vc_col-md-5\"><div class=\"vc_column-inner\"><div class=\"wpb_wrapper\">\n\t<div  class=\"wpb_single_image wpb_content_element vc_align_center\">\n\t\t\n\t\t<figure class=\"wpb_wrapper vc_figure\">\n\t\t\t<div class=\"vc_single_image-wrapper   vc_box_border_grey\"><img loading=\"lazy\" decoding=\"async\" width=\"348\" height=\"467\" src=\"https:\/\/int.milkiya.ma\/wp-content\/uploads\/2022\/08\/002-03.jpg\" class=\"vc_single_image-img attachment-full\" alt=\"\" title=\"002-03\" srcset=\"https:\/\/int.milkiya.ma\/wp-content\/uploads\/2022\/08\/002-03.jpg 348w, https:\/\/int.milkiya.ma\/wp-content\/uploads\/2022\/08\/002-03-224x300.jpg 224w\" sizes=\"auto, (max-width: 348px) 100vw, 348px\" \/><\/div>\n\t\t<\/figure>\n\t<\/div>\n<\/div><\/div><\/div><div class=\"wpb_column vc_column_container vc_col-sm-6 vc_col-lg-7 vc_col-md-7\"><div class=\"vc_column-inner\"><div class=\"wpb_wrapper\"><div class=\"mkdf-elements-holder   mkdf-one-column  mkdf-responsive-mode-768 \" ><div class=\"mkdf-eh-item    \"  data-item-class=\"mkdf-eh-custom-1227\" data-1024-1280=\"170px 0 0\" data-768-1024=\"120px 0 0\" data-680-768=\"76px 0 0\" data-680=\"100px 0 0\">\n\t<div class=\"mkdf-eh-item-inner\">\n\t\t<div class=\"mkdf-eh-item-content mkdf-eh-custom-1227\" style=\"padding: 170px 0 0\">\n\t\t\t\n\t<div  class=\"wpb_single_image wpb_content_element vc_align_left  vc_custom_1661338844843\">\n\t\t\n\t\t<figure class=\"wpb_wrapper vc_figure\">\n\t\t\t<div class=\"vc_single_image-wrapper   vc_box_border_grey\"><img loading=\"lazy\" decoding=\"async\" width=\"230\" height=\"125\" src=\"https:\/\/int.milkiya.ma\/wp-content\/uploads\/2017\/11\/process-backgroung-img-3.png\" class=\"vc_single_image-img attachment-full\" alt=\"a\" title=\"process-backgroung-img-3\" \/><\/div>\n\t\t<\/figure>\n\t<\/div>\n\t\t<\/div>\n\t<\/div>\n<\/div><\/div><div class=\"mkdf-elements-holder   mkdf-one-column  mkdf-responsive-mode-768 \" ><div class=\"mkdf-eh-item    \"  data-item-class=\"mkdf-eh-custom-4909\" data-1024-1280=\"20px 0 0\" data-680=\"20px 0 40px\">\n\t<div class=\"mkdf-eh-item-inner\">\n\t\t<div class=\"mkdf-eh-item-content mkdf-eh-custom-4909\" style=\"padding: 20px 0 0\">\n\t\t\t<h2 class=\"mkdf-custom-font-holder  mkdf-cf-8283  \" style=\"font-size: 28px\" data-item-class=\"mkdf-cf-8283\">\n\tSignez votre contrat de parrainage<\/h2>\n\t<div class=\"wpb_text_column wpb_content_element \" >\n\t\t<div class=\"wpb_wrapper\">\n\t\t\t<p>Une fois la demande de parrainage valid\u00e9e et accept\u00e9e, l\u2019agent immobilier choisi vous fera signer le contrat qui vous permettra d\u2019exercer au nom de Milkiya, et de b\u00e9n\u00e9ficier de toutes les ressources et outils \u00e0 votre disposition.<\/p>\n\n\t\t<\/div>\n\t<\/div>\n\t\t<\/div>\n\t<\/div>\n<\/div><\/div><\/div><\/div><\/div><\/div><\/div><\/div><\/div><\/div><\/div><\/div>\n","protected":false},"excerpt":{"rendered":"Identifiez et ciblez l'agent immobilier qui vous convient le mieux Cherchez l'agent immobilier qui vous int\u00e9resse par son nom ou par sa ville. Une fois s\u00e9lectionn\u00e9, vous pouvez l'appeler, lui \u00e9crire un mail ou remplir le formulaire de parrainage. Une fois votre demande accept\u00e9e, il [...]","protected":false},"author":1,"featured_media":0,"parent":0,"menu_order":0,"comment_status":"closed","ping_status":"closed","template":"full-width.php","meta":{"footnotes":""},"class_list":["post-2236","page","type-page","status-publish","hentry"],"acf":[],"aioseo_notices":[],"_links":{"self":[{"href":"https:\/\/int.milkiya.ma\/fr_fr\/wp-json\/wp\/v2\/pages\/2236","targetHints":{"allow":["GET"]}}],"collection":[{"href":"https:\/\/int.milkiya.ma\/fr_fr\/wp-json\/wp\/v2\/pages"}],"about":[{"href":"https:\/\/int.milkiya.ma\/fr_fr\/wp-json\/wp\/v2\/types\/page"}],"author":[{"embeddable":true,"href":"https:\/\/int.milkiya.ma\/fr_fr\/wp-json\/wp\/v2\/users\/1"}],"replies":[{"embeddable":true,"href":"https:\/\/int.milkiya.ma\/fr_fr\/wp-json\/wp\/v2\/comments?post=2236"}],"version-history":[{"count":10,"href":"https:\/\/int.milkiya.ma\/fr_fr\/wp-json\/wp\/v2\/pages\/2236\/revisions"}],"predecessor-version":[{"id":3160,"href":"https:\/\/int.milkiya.ma\/fr_fr\/wp-json\/wp\/v2\/pages\/2236\/revisions\/3160"}],"wp:attachment":[{"href":"https:\/\/int.milkiya.ma\/fr_fr\/wp-json\/wp\/v2\/media?parent=2236"}],"curies":[{"name":"wp","href":"https:\/\/api.w.org\/{rel}","templated":true}]}}