{"id":30,"date":"2017-10-27T11:28:49","date_gmt":"2017-10-27T11:28:49","guid":{"rendered":"http:\/\/zuhaus.mikado-themes.com\/?page_id=30"},"modified":"2023-02-13T13:02:13","modified_gmt":"2023-02-13T12:02:13","slug":"a-propos-de-milkiya","status":"publish","type":"page","link":"https:\/\/int.milkiya.ma\/ar\/a-propos-de-milkiya\/","title":{"rendered":"\u0645\u0646 \u0646\u062d\u0646 \u061f"},"content":{"rendered":"<div class=\"vc_row wpb_row vc_row-fluid\" ><div class=\"wpb_column vc_column_container vc_col-sm-12\"><div class=\"vc_column-inner\"><div class=\"wpb_wrapper\"><div class=\"mkdf-elements-holder   mkdf-two-columns  mkdf-responsive-mode-768\" ><div class=\"mkdf-eh-item\"  data-item-class=\"mkdf-eh-custom-3895\">\n\t<div class=\"mkdf-eh-item-inner\">\n\t\t<div class=\"mkdf-eh-item-content mkdf-eh-custom-3895\" style=\"padding: 5% 10%\">\n\t\t\t\n\t<div  class=\"wpb_single_image wpb_content_element vc_align_left\">\n\t\t\n\t\t<figure class=\"wpb_wrapper vc_figure\">\n\t\t\t<div class=\"vc_single_image-wrapper   vc_box_border_grey\"><img loading=\"lazy\" decoding=\"async\" width=\"800\" height=\"537\" src=\"https:\/\/int.milkiya.ma\/wp-content\/uploads\/2017\/10\/about-img-1.jpg\" class=\"vc_single_image-img attachment-full\" alt=\"a\" title=\"about-img-1\" srcset=\"https:\/\/int.milkiya.ma\/wp-content\/uploads\/2017\/10\/about-img-1.jpg 800w, https:\/\/int.milkiya.ma\/wp-content\/uploads\/2017\/10\/about-img-1-600x403.jpg 600w, https:\/\/int.milkiya.ma\/wp-content\/uploads\/2017\/10\/about-img-1-300x201.jpg 300w, https:\/\/int.milkiya.ma\/wp-content\/uploads\/2017\/10\/about-img-1-768x516.jpg 768w\" sizes=\"auto, (max-width: 800px) 100vw, 800px\" \/><\/div>\n\t\t<\/figure>\n\t<\/div>\n\t\t<\/div>\n\t<\/div>\n<\/div><div class=\"mkdf-eh-item\"  data-item-class=\"mkdf-eh-custom-5815\">\n\t<div class=\"mkdf-eh-item-inner\">\n\t\t<div class=\"mkdf-eh-item-content mkdf-eh-custom-5815\" style=\"padding: 5% 10%\">\n\t\t\t<div class=\"mkdf-section-title-holder  mkdf-st-standard mkdf-st-title-center mkdf-st-normal-space\" >\n\t<div class=\"mkdf-st-inner\">\n\t\t\t\t\t<h2 class=\"mkdf-st-title\" >\n\t\t\t\t\u062d\u0648\u0644 \u0645\u0644\u0643\u064a\u0629\t\t\t<\/h2>\n\t\t\t\t\t\t\t<h4 class=\"mkdf-st-text\" >\n\t\t\t\t\u0623\u0648\u0644 \u0634\u0628\u0643\u0629 \u0648\u0643\u0644\u0627\u0621 \u0639\u0642\u0627\u0631\u064a\u064a\u0646 \u0641\u064a \u0627\u0644\u0645\u063a\u0631\u0628\t\t\t<\/h4>\n\t\t\t<\/div>\n<\/div><div class=\"vc_empty_space\"   style=\"height: 12px\"><span class=\"vc_empty_space_inner\"><\/span><\/div>\n\t<div class=\"wpb_text_column wpb_content_element\" >\n\t\t<div class=\"wpb_wrapper\">\n\t\t\t<p>\u0645\u0644\u0643\u064a\u0629 \u0647\u064a \u0634\u0628\u0643\u0629 \u0645\u0646 \u0648\u0643\u0644\u0627\u0621 \u0627\u0644\u0639\u0642\u0627\u0631\u0627\u062a \u0639\u0644\u0649 \u0623\u0633\u0627\u0633 \u0645\u0641\u0647\u0648\u0645 \u0648\u0643\u0627\u0644\u0629 \u0627\u0644\u0639\u0642\u0627\u0631\u0627\u062a \u063a\u064a\u0631 \u0627\u0644\u0645\u0627\u062f\u064a\u0629 \u060c \u0645\u0633\u062a\u0648\u062d\u0627\u0629 \u0645\u0646 \u0646\u0645\u0648\u0630\u062c \u0641\u0631\u0646\u0633\u064a \u0648\u0631\u0627\u0626\u062f \u0623\u0648\u0631\u0648\u0628\u064a.<\/p>\n<p>\u064a\u0639\u062a\u0645\u062f \u0646\u0645\u0648\u0630\u062c \u0623\u0639\u0645\u0627\u0644\u0647\u0627 \u0639\u0644\u0649 \u0627\u0644\u062a\u0633\u0648\u064a\u0642 \u0627\u0644\u0634\u0628\u0643\u064a \u060c \u0627\u0644\u0645\u0639\u0631\u0648\u0641 \u0628\u0627\u0633\u0645 (\u0627\u0644\u062a\u0633\u0648\u064a\u0642 \u0645\u062a\u0639\u062f\u062f \u0627\u0644\u0645\u0633\u062a\u0648\u064a\u0627\u062a).<\/p>\n\n\t\t<\/div>\n\t<\/div>\n\n\t<div class=\"wpb_text_column wpb_content_element\" >\n\t\t<div class=\"wpb_wrapper\">\n\t\t\t<p>\u062a\u0639\u0645\u0644 \u0645\u0644\u0643\u064a\u0629 \u0648\u0641\u0642\u064b\u0627 \u0644\u062b\u0644\u0627\u062b\u0629 \u0645\u0628\u0627\u062f\u0626 \u0623\u0633\u0627\u0633\u064a\u0629 \u060c \u0648\u0627\u0644\u062a\u064a \u062a\u0634\u0643\u0644 \u062d\u0645\u0636\u0647\u0627 \u0627\u0644\u0646\u0648\u0648\u064a \u0627\u0644\u0641\u0631\u064a\u062f. \u0627\u0644\u0639\u0642\u0627\u0631\u0627\u062a \u0648\u0627\u0644\u062a\u0633\u0648\u064a\u0642 \u0627\u0644\u0634\u0628\u0643\u064a \u0648\u0627\u0644\u0631\u0642\u0645\u064a<\/p>\n\n\t\t<\/div>\n\t<\/div>\n\t\t<\/div>\n\t<\/div>\n<\/div><\/div><\/div><\/div><\/div><\/div><div class=\"vc_row wpb_row vc_row-fluid\" ><div class=\"wpb_column vc_column_container vc_col-sm-12\"><div class=\"vc_column-inner\"><div class=\"wpb_wrapper\"><div class=\"mkdf-elements-holder   mkdf-two-columns  mkdf-responsive-mode-768\" ><div class=\"mkdf-eh-item\"  data-item-class=\"mkdf-eh-custom-1140\">\n\t<div class=\"mkdf-eh-item-inner\">\n\t\t<div class=\"mkdf-eh-item-content mkdf-eh-custom-1140\" style=\"padding: 5% 10%\">\n\t\t\t<div class=\"mkdf-section-title-holder  mkdf-st-standard mkdf-st-title-center mkdf-st-normal-space\" >\n\t<div class=\"mkdf-st-inner\">\n\t\t\t\t\t<h2 class=\"mkdf-st-title\" >\n\t\t\t\t\u0644\u0645\u0627\u0630\u0627 \u062a\u0639\u0647\u062f \u0628\u0645\u0634\u0631\u0648\u0639\u0643 \u0625\u0644\u0649 \u0645\u064a\u0644\u0643\u064a\u0627\u061f\t\t\t<\/h2>\n\t\t\t\t\t<\/div>\n<\/div><div class=\"vc_empty_space\"   style=\"height: 12px\"><span class=\"vc_empty_space_inner\"><\/span><\/div>\n\t<div class=\"wpb_text_column wpb_content_element\" >\n\t\t<div class=\"wpb_wrapper\">\n\t\t\t<p>\u0644\u062f\u064a\u0646\u0627 \u0627\u0644\u0639\u062f\u064a\u062f \u0645\u0646 \u0648\u0643\u0644\u0627\u0621 \u0627\u0644\u0639\u0642\u0627\u0631\u0627\u062a \u0627\u0644\u0645\u0633\u062a\u0642\u0644\u064a\u0646 \u062e\u0628\u0631\u0627\u0621 \u0648\u0645\u062a\u0627\u062d\u064a\u0646 \u0648\u0645\u0647\u062a\u0645\u064a\u0646 \u0628\u0639\u0645\u0644\u0627\u0626\u0647\u0645. \u0647\u062f\u0641\u0647\u0645 \u0647\u0648 \u0645\u0631\u0627\u0641\u0642\u062a\u0643 \u062e\u0644\u0627\u0644 \u062c\u0645\u064a\u0639 \u0645\u0631\u0627\u062d\u0644 \u0645\u0634\u0631\u0648\u0639\u0643 \u0627\u0644\u0639\u0642\u0627\u0631\u064a \u0648\u062a\u062d\u0642\u064a\u0642 \u0627\u0644\u0646\u062a\u064a\u062c\u0629 \u0627\u0644\u0645\u062a\u0648\u0642\u0639\u0629.<\/p>\n<p>\u0628\u0641\u0636\u0644 \u0646\u0638\u0627\u0645\u0646\u0627 \u0627\u0644\u062e\u0627\u0635 \u0628\u0627\u0644\u0645\u0633\u0627\u0639\u062f\u0629 \u0627\u0644\u0645\u062a\u0628\u0627\u062f\u0644\u0629 \u0648\u0627\u0644\u0645\u0634\u0627\u0631\u0643\u0629 \u060c \u0648\u0627\u0644\u0630\u064a \u064a\u0639\u062a\u0645\u062f \u0639\u0644\u064a\u0647 \u0648\u0643\u0644\u0627\u0624\u0646\u0627 \u060c \u0633\u064a\u062a\u0645 \u0625\u0646\u062c\u0627\u0632 \u0645\u0634\u0631\u0648\u0639\u0643 \u0627\u0644\u0639\u0642\u0627\u0631\u064a \u0641\u064a \u0623\u0642\u0631\u0628 \u0648\u0642\u062a \u0645\u0645\u0643\u0646 \u060c \u0645\u0639 \u0631\u0633\u0648\u0645 \u0645\u063a\u0631\u064a\u0629 \u0648\u0623\u0641\u0636\u0644 \u0646\u0633\u0628\u0629 \u062c\u0648\u062f\u0629 \/ \u0633\u0639\u0631.<\/p>\n\n\t\t<\/div>\n\t<\/div>\n\t\t<\/div>\n\t<\/div>\n<\/div><div class=\"mkdf-eh-item\"  data-item-class=\"mkdf-eh-custom-6245\">\n\t<div class=\"mkdf-eh-item-inner\">\n\t\t<div class=\"mkdf-eh-item-content mkdf-eh-custom-6245\" style=\"padding: 5% 10%\">\n\t\t\t\n\t<div  class=\"wpb_single_image wpb_content_element vc_align_left\">\n\t\t\n\t\t<figure class=\"wpb_wrapper vc_figure\">\n\t\t\t<div class=\"vc_single_image-wrapper   vc_box_border_grey\"><img loading=\"lazy\" decoding=\"async\" width=\"1000\" height=\"667\" src=\"https:\/\/int.milkiya.ma\/wp-content\/uploads\/2022\/10\/chef-dagence-immobiliere.jpg\" class=\"vc_single_image-img attachment-large\" alt=\"\" title=\"chef-dagence-immobili\u00e8re\" srcset=\"https:\/\/int.milkiya.ma\/wp-content\/uploads\/2022\/10\/chef-dagence-immobiliere.jpg 1000w, https:\/\/int.milkiya.ma\/wp-content\/uploads\/2022\/10\/chef-dagence-immobiliere-300x200.jpg 300w, https:\/\/int.milkiya.ma\/wp-content\/uploads\/2022\/10\/chef-dagence-immobiliere-768x512.jpg 768w, https:\/\/int.milkiya.ma\/wp-content\/uploads\/2022\/10\/chef-dagence-immobiliere-18x12.jpg 18w\" sizes=\"auto, (max-width: 1000px) 100vw, 1000px\" \/><\/div>\n\t\t<\/figure>\n\t<\/div>\n\t\t<\/div>\n\t<\/div>\n<\/div><\/div><\/div><\/div><\/div><\/div><div class=\"mkdf-row-grid-section-wrapper\"  style=\"background-color:#f3f3f3\"><div class=\"mkdf-row-grid-section\"><div class=\"vc_row wpb_row vc_row-fluid vc_custom_1510043434169\" ><div class=\"wpb_column vc_column_container vc_col-sm-12\"><div class=\"vc_column-inner\"><div class=\"wpb_wrapper\"><div class=\"mkdf-section-title-holder  mkdf-st-standard mkdf-st-title-center mkdf-st-normal-space\" style=\"text-align: center\">\n\t<div class=\"mkdf-st-inner\">\n\t\t\t\t\t<h2 class=\"mkdf-st-title\" >\n\t\t\t\t\u0646\u0638\u0631\u0629 \u0639\u0627\u0645\u0629 \u0639\u0644\u0649 \u0643\u0628\u0627\u0631 \u0627\u0644\u0645\u0633\u062a\u0634\u0627\u0631\u064a\u0646 \u0644\u062f\u064a\u0646\u0627\t\t\t<\/h2>\n\t\t\t\t\t\t\t<p class=\"mkdf-st-text\" style=\"font-size: 18px\">\n\t\t\t\t\u0645\u0633\u062a\u0634\u0627\u0631\u064a\u0646\u0627 \u062a\u062d\u062a \u062a\u0635\u0631\u0641\u0643. \u0644\u0627 \u062a\u062a\u0631\u062f\u062f \u0641\u064a \u0627\u0644\u0627\u062a\u0635\u0627\u0644 \u0628\u0647\u0645\t\t\t<\/p>\n\t\t\t<\/div>\n<\/div><div class=\"vc_empty_space\"   style=\"height: 50px\"><span class=\"vc_empty_space_inner\"><\/span><\/div><div class=\"mkdf-elements-holder   mkdf-five-columns  mkdf-responsive-mode-768 mkdf-one-column-alignment-center\" ><div class=\"mkdf-eh-item\"  data-item-class=\"mkdf-eh-custom-1482\">\n\t<div class=\"mkdf-eh-item-inner\">\n\t\t<div class=\"mkdf-eh-item-content mkdf-eh-custom-1482\" >\n\t\t\t<div class=\"container\"><div class=\"row\"><div class=\"col-md col-sm-6\"><div class=\"card milkiya-card mb-1 mb-xl-0\"><div class=\"card-body text-center\"><img decoding=\"async\" id=\"img-profile\" class=\"img-account-profile rounded-circle mb-1\" src=\" https:\/\/int.milkiya.ma\/wp-content\/plugins\/milkiya-show-agents-list\/assets\/img\/avatar\/agent-m.webp \" alt=\"\"><div><p class=\"fw-bolder\">Soufiane SOUFIANEBACKEND<\/p><p class=\"fw-normal\"><i class=\"fa fa-map-marker ms-2 mx-2\"><\/i>\u0633\u0644\u0627<\/p><\/div><a href=\"https:\/\/int.milkiya.ma\/ar\/agents-immobiliers\/Soufiane-soufianeBackend-3749\/\" class=\"link stretched-link\"><\/a><\/div><\/div><\/div><div class=\"col-md col-sm-6\"><div class=\"card milkiya-card mb-1 mb-xl-0\"><div class=\"card-body text-center\"><img decoding=\"async\" id=\"img-profile\" class=\"img-account-profile rounded-circle mb-1\" src=\" https:\/\/api-demo.web.milkiya.ma\/collaborator\/avatar\/decorated_avatar.jpg \" alt=\"\"><div><p class=\"fw-bolder\">Soufiane BAMOU<\/p><p class=\"fw-normal\"><i class=\"fa fa-map-marker ms-2 mx-2\"><\/i>\u0627\u0644\u062f\u0627\u0631 \u0627\u0644\u0628\u064a\u0636\u0627\u0621<\/p><\/div><a href=\"https:\/\/int.milkiya.ma\/ar\/agents-immobiliers\/Soufiane-Bamou-3095\/\" class=\"link stretched-link\"><\/a><\/div><\/div><\/div><div class=\"col-md col-sm-6\"><div class=\"card milkiya-card mb-1 mb-xl-0\"><div class=\"card-body text-center\"><img decoding=\"async\" id=\"img-profile\" class=\"img-account-profile rounded-circle mb-1\" src=\" https:\/\/int.milkiya.ma\/wp-content\/plugins\/milkiya-show-agents-list\/assets\/img\/avatar\/agent-m.webp \" alt=\"\"><div><p class=\"fw-bolder\">SymfonyT SOUFIANE<\/p><p class=\"fw-normal\"><i class=\"fa fa-map-marker ms-2 mx-2\"><\/i>\u0633\u0644\u0627<\/p><\/div><a href=\"https:\/\/int.milkiya.ma\/ar\/agents-immobiliers\/SymfonyT-Soufiane-3746\/\" class=\"link stretched-link\"><\/a><\/div><\/div><\/div><div class=\"col-md col-sm-6\"><div class=\"card milkiya-card mb-1 mb-xl-0\"><div class=\"card-body text-center\"><img decoding=\"async\" id=\"img-profile\" class=\"img-account-profile rounded-circle mb-1\" src=\" https:\/\/api-demo.web.milkiya.ma\/collaborator\/avatar\/decorated_avatar.jpg \" alt=\"\"><div><p class=\"fw-bolder\">Elkebir KACEM<\/p><p class=\"fw-normal\"><i class=\"fa fa-map-marker ms-2 mx-2\"><\/i>\u0639\u064a\u0646 \u062d\u0631\u0648\u062f\u0629<\/p><\/div><a href=\"https:\/\/int.milkiya.ma\/ar\/agents-immobiliers\/Elkebir-Kacem-3095\/\" class=\"link stretched-link\"><\/a><\/div><\/div><\/div><div class=\"col-md col-sm-6\"><div class=\"card milkiya-card mb-1 mb-xl-0\"><div class=\"card-body text-center\"><img decoding=\"async\" id=\"img-profile\" class=\"img-account-profile rounded-circle mb-1\" src=\" https:\/\/api-demo.web.milkiya.ma\/collaborator\/avatar\/f4bd7c2b2b72b66bd6e2.jpg \" alt=\"\"><div><p class=\"fw-bolder\">Fahim NEZAR<\/p><p class=\"fw-normal\"><i class=\"fa fa-map-marker ms-2 mx-2\"><\/i>\u0627\u0644\u062f\u0627\u0631 \u0627\u0644\u0628\u064a\u0636\u0627\u0621<\/p><\/div><a href=\"https:\/\/int.milkiya.ma\/ar\/agents-immobiliers\/Fahim-Nezar-3093\/\" class=\"link stretched-link\"><\/a><\/div><\/div><\/div><\/div><\/div>\n\t<div class=\"wpb_text_column wpb_content_element\" >\n\t\t<div class=\"wpb_wrapper\">\n\t\t\t\n\n\t\t<\/div>\n\t<\/div>\n\t\t<\/div>\n\t<\/div>\n<\/div><\/div><\/div><\/div><\/div><\/div><\/div><\/div><div class=\"mkdf-row-grid-section-wrapper mkdf-content-aligment-center\"  ><div class=\"mkdf-row-grid-section\"><div class=\"vc_row wpb_row vc_row-fluid vc_custom_1509379034576\" ><div class=\"wpb_column vc_column_container vc_col-sm-12\"><div class=\"vc_column-inner\"><div class=\"wpb_wrapper\"><div class=\"mkdf-section-title-holder  mkdf-st-standard mkdf-st-title-center mkdf-st-normal-space\" style=\"text-align: center\">\n\t<div class=\"mkdf-st-inner\">\n\t\t\t\t\t<h2 class=\"mkdf-st-title\" >\n\t\t\t\t\u0647\u0644 \u062a\u0631\u064a\u062f \u0623\u0646 \u062a\u0635\u0628\u062d \u0648\u0643\u064a\u0644 \u0639\u0642\u0627\u0631\u0627\u062a\u061f\t\t\t<\/h2>\n\t\t\t\t\t\t\t<p class=\"mkdf-st-text\" style=\"font-size: 18px\">\n\t\t\t\t\u0645\u0633\u062a\u0634\u0627\u0631\u064a\u0646\u0627 \u062a\u062d\u062a \u062a\u0635\u0631\u0641\u0643. \u0644\u0627 \u062a\u062a\u0631\u062f\u062f \u0641\u064a \u0627\u0644\u0627\u062a\u0635\u0627\u0644 \u0628\u0647\u0645\t\t\t<\/p>\n\t\t\t<\/div>\n<\/div><div class=\"vc_empty_space\"   style=\"height: 62px\"><span class=\"vc_empty_space_inner\"><\/span><\/div><div class=\"vc_row wpb_row vc_inner vc_row-fluid mkdf-content-aligment-left\" ><div class=\"wpb_column vc_column_container vc_col-sm-12 vc_col-lg-4\"><div class=\"vc_column-inner\"><div class=\"wpb_wrapper\">\n\t<div  class=\"wpb_single_image wpb_content_element vc_align_left\">\n\t\t\n\t\t<figure class=\"wpb_wrapper vc_figure\">\n\t\t\t<div class=\"vc_single_image-wrapper   vc_box_border_grey\"><img loading=\"lazy\" decoding=\"async\" width=\"800\" height=\"575\" src=\"https:\/\/int.milkiya.ma\/wp-content\/uploads\/2017\/10\/about-img-3.jpg\" class=\"vc_single_image-img attachment-full\" alt=\"a\" title=\"about-img-3\" srcset=\"https:\/\/int.milkiya.ma\/wp-content\/uploads\/2017\/10\/about-img-3.jpg 800w, https:\/\/int.milkiya.ma\/wp-content\/uploads\/2017\/10\/about-img-3-600x431.jpg 600w, https:\/\/int.milkiya.ma\/wp-content\/uploads\/2017\/10\/about-img-3-300x216.jpg 300w, https:\/\/int.milkiya.ma\/wp-content\/uploads\/2017\/10\/about-img-3-768x552.jpg 768w\" sizes=\"auto, (max-width: 800px) 100vw, 800px\" \/><\/div>\n\t\t<\/figure>\n\t<\/div>\n\n\t<div class=\"wpb_text_column wpb_content_element  vc_custom_1661335954606\" >\n\t\t<div class=\"wpb_wrapper\">\n\t\t\t<h5>\u0627\u0646\u0636\u0645 \u0625\u0644\u0649 \u0634\u0628\u0643\u0629 \u0645\u0644\u0643\u064a\u0629<\/h5>\n\n\t\t<\/div>\n\t<\/div>\n\n\t<div class=\"wpb_text_column wpb_content_element\" >\n\t\t<div class=\"wpb_wrapper\">\n\t\t\t<p>Rejoindre le r\u00e9seau MILKIYA, vous permet d\u2019exercer tous les m\u00e9tiers li\u00e9s \u00e0 la transaction immobili\u00e8re : achat et vente de biens anciens \/ neufs, ou foncier, et location de biens.<\/p>\n\n\t\t<\/div>\n\t<\/div>\n<div class=\"vc_empty_space\"   style=\"height: 32px\"><span class=\"vc_empty_space_inner\"><\/span><\/div><\/div><\/div><\/div><div class=\"wpb_column vc_column_container vc_col-sm-12 vc_col-lg-4\"><div class=\"vc_column-inner\"><div class=\"wpb_wrapper\">\n\t<div  class=\"wpb_single_image wpb_content_element vc_align_left\">\n\t\t\n\t\t<figure class=\"wpb_wrapper vc_figure\">\n\t\t\t<div class=\"vc_single_image-wrapper   vc_box_border_grey\"><img loading=\"lazy\" decoding=\"async\" width=\"800\" height=\"575\" src=\"https:\/\/int.milkiya.ma\/wp-content\/uploads\/2017\/10\/about-img-4.jpg\" class=\"vc_single_image-img attachment-full\" alt=\"a\" title=\"about-img-4\" srcset=\"https:\/\/int.milkiya.ma\/wp-content\/uploads\/2017\/10\/about-img-4.jpg 800w, https:\/\/int.milkiya.ma\/wp-content\/uploads\/2017\/10\/about-img-4-600x431.jpg 600w, https:\/\/int.milkiya.ma\/wp-content\/uploads\/2017\/10\/about-img-4-300x216.jpg 300w, https:\/\/int.milkiya.ma\/wp-content\/uploads\/2017\/10\/about-img-4-768x552.jpg 768w\" sizes=\"auto, (max-width: 800px) 100vw, 800px\" \/><\/div>\n\t\t<\/figure>\n\t<\/div>\n\n\t<div class=\"wpb_text_column wpb_content_element  vc_custom_1661335980745\" >\n\t\t<div class=\"wpb_wrapper\">\n\t\t\t<h5>\u0644\u0645\u0627\u0630\u0627 \u062a\u062e\u062a\u0627\u0631 \u0645\u0644\u0643\u064a\u0629 \u061f<\/h5>\n\n\t\t<\/div>\n\t<\/div>\n\n\t<div class=\"wpb_text_column wpb_content_element\" >\n\t\t<div class=\"wpb_wrapper\">\n\t\t\t<ul style=\"padding-left: 0px;\">\n<li>Une plateforme digitale avec de multiples services,<\/li>\n<li>\u0645\u0635\u0627\u062f\u0631 \u062c\u0630\u0627\u0628\u0629 \u0648\u0645\u062a\u0643\u0631\u0631\u0629 \u0644\u0644\u0623\u062c\u0648\u0631.<\/li>\n<li>\u0643\u0646 \u0631\u0626\u064a\u0633\u0643 \u0641\u064a \u0627\u0644\u0639\u0645\u0644 \u062f\u0648\u0646 \u062a\u0643\u0627\u0644\u064a\u0641 \u062a\u0634\u063a\u064a\u0644.<\/li>\n<li>Formation, accompagnement et suivi par votre parrain.<\/li>\n<\/ul>\n\n\t\t<\/div>\n\t<\/div>\n<div class=\"vc_empty_space\"   style=\"height: 32px\"><span class=\"vc_empty_space_inner\"><\/span><\/div><\/div><\/div><\/div><div class=\"wpb_column vc_column_container vc_col-sm-12 vc_col-lg-4\"><div class=\"vc_column-inner\"><div class=\"wpb_wrapper\">\n\t<div  class=\"wpb_single_image wpb_content_element vc_align_left\">\n\t\t\n\t\t<figure class=\"wpb_wrapper vc_figure\">\n\t\t\t<div class=\"vc_single_image-wrapper   vc_box_border_grey\"><img loading=\"lazy\" decoding=\"async\" width=\"959\" height=\"692\" src=\"https:\/\/int.milkiya.ma\/wp-content\/uploads\/2022\/11\/Comment-devenir-conseiller-Milkiya.webp\" class=\"vc_single_image-img attachment-full\" alt=\"\" title=\"Comment devenir conseiller Milkiya\" srcset=\"https:\/\/int.milkiya.ma\/wp-content\/uploads\/2022\/11\/Comment-devenir-conseiller-Milkiya.webp 959w, https:\/\/int.milkiya.ma\/wp-content\/uploads\/2022\/11\/Comment-devenir-conseiller-Milkiya-300x216.webp 300w, https:\/\/int.milkiya.ma\/wp-content\/uploads\/2022\/11\/Comment-devenir-conseiller-Milkiya-768x554.webp 768w, https:\/\/int.milkiya.ma\/wp-content\/uploads\/2022\/11\/Comment-devenir-conseiller-Milkiya-18x12.webp 18w\" sizes=\"auto, (max-width: 959px) 100vw, 959px\" \/><\/div>\n\t\t<\/figure>\n\t<\/div>\n\n\t<div class=\"wpb_text_column wpb_content_element  vc_custom_1661336035571\" >\n\t\t<div class=\"wpb_wrapper\">\n\t\t\t<h5>\u0643\u064a\u0641 \u062a\u0635\u0628\u062d \u0645\u0633\u062a\u0634\u0627\u0631\u0627 \u0645\u0644\u0643\u064a\u0629 \u061f<\/h5>\n\n\t\t<\/div>\n\t<\/div>\n\n\t<div class=\"wpb_text_column wpb_content_element\" >\n\t\t<div class=\"wpb_wrapper\">\n\t\t\t<p>Rien de plus simple ! Allez sur la page <a href=\"https:\/\/www.milkiya.ma\/trouver-un-conseiller-milkiya\/\"><strong>\u00ab\u00a0Trouver un conseiller\u00a0\u00bb<\/strong><\/a>, recherchez par ville ou par nom. S\u00e9lectionnez-le, et remplissez le formulaire ! Maintenant, c\u2019est \u00e0 vous de d\u00e9velopper votre \u00e9quipe de conseillers !<\/p>\n\n\t\t<\/div>\n\t<\/div>\n<div class=\"vc_empty_space\"   style=\"height: 32px\"><span class=\"vc_empty_space_inner\"><\/span><\/div><\/div><\/div><\/div><\/div><\/div><\/div><\/div><\/div><\/div><\/div>","protected":false},"excerpt":{"rendered":"\u00c0 propos de Milkiya Premier r\u00e9seau d'agents immobiliers au Maroc Milkiya est un r\u00e9seau d\u2019agents immobiliers qui repose sur le concept d\u2019agence immobili\u00e8re d\u00e9mat\u00e9rialis\u00e9e, inspir\u00e9 d\u2019un mod\u00e8le fran\u00e7ais et leader europ\u00e9en. Son mod\u00e8le \u00e9conomique est bas\u00e9 sur le marketing de r\u00e9seau, connu sous le nom [...]","protected":false},"author":1,"featured_media":0,"parent":0,"menu_order":0,"comment_status":"closed","ping_status":"closed","template":"full-width.php","meta":{"footnotes":""},"class_list":["post-30","page","type-page","status-publish","hentry"],"acf":[],"aioseo_notices":[],"_links":{"self":[{"href":"https:\/\/int.milkiya.ma\/ar\/wp-json\/wp\/v2\/pages\/30","targetHints":{"allow":["GET"]}}],"collection":[{"href":"https:\/\/int.milkiya.ma\/ar\/wp-json\/wp\/v2\/pages"}],"about":[{"href":"https:\/\/int.milkiya.ma\/ar\/wp-json\/wp\/v2\/types\/page"}],"author":[{"embeddable":true,"href":"https:\/\/int.milkiya.ma\/ar\/wp-json\/wp\/v2\/users\/1"}],"replies":[{"embeddable":true,"href":"https:\/\/int.milkiya.ma\/ar\/wp-json\/wp\/v2\/comments?post=30"}],"version-history":[{"count":33,"href":"https:\/\/int.milkiya.ma\/ar\/wp-json\/wp\/v2\/pages\/30\/revisions"}],"predecessor-version":[{"id":5068,"href":"https:\/\/int.milkiya.ma\/ar\/wp-json\/wp\/v2\/pages\/30\/revisions\/5068"}],"wp:attachment":[{"href":"https:\/\/int.milkiya.ma\/ar\/wp-json\/wp\/v2\/media?parent=30"}],"curies":[{"name":"wp","href":"https:\/\/api.w.org\/{rel}","templated":true}]}}