{"id":117,"date":"2017-10-30T08:48:36","date_gmt":"2017-10-30T08:48:36","guid":{"rendered":"http:\/\/zuhaus.mikado-themes.com\/?page_id=117"},"modified":"2023-02-17T18:26:53","modified_gmt":"2023-02-17T17:26:53","slug":"contactez-milkiya","status":"publish","type":"page","link":"https:\/\/int.milkiya.ma\/ar\/contactez-milkiya\/","title":{"rendered":"\u0627\u062a\u0635\u0644 \u0628\u0646\u0627"},"content":{"rendered":"<div class=\"vc_row wpb_row vc_row-fluid\" ><div class=\"wpb_column vc_column_container vc_col-sm-12\"><div class=\"vc_column-inner\"><div class=\"wpb_wrapper\">\n\t<div class=\"wpb_raw_code wpb_content_element wpb_raw_html\" >\n\t\t<div class=\"wpb_wrapper\">\n\t\t\t<iframe src=\"https:\/\/www.google.com\/maps\/embed?pb=!1m18!1m12!1m3!1d13294.776256885025!2d-7.655324975911214!3d33.58729176703481!2m3!1f0!2f0!3f0!3m2!1i1024!2i768!4f13.1!3m3!1m2!1s0xda7d2e67cf7df3d%3A0x40b2f2384f64b6e1!2sRACINE%2C%20Casablanca!5e0!3m2!1sfr!2sma!4v1661339698752!5m2!1sfr!2sma\" width=\"100%\" height=\"600\" style=\"border:0;\" allowfullscreen=\"\" loading=\"lazy\" referrerpolicy=\"no-referrer-when-downgrade\"><\/iframe>\n\t\t<\/div>\n\t<\/div>\n<\/div><\/div><\/div><\/div><div class=\"vc_row wpb_row vc_row-fluid\" ><div class=\"wpb_column vc_column_container vc_col-sm-12\"><div class=\"vc_column-inner\"><div class=\"wpb_wrapper\">\n\t<div class=\"wpb_text_column wpb_content_element\" >\n\t\t<div class=\"wpb_wrapper\">\n\t\t\t<p>[milkiya_test_api_response]<\/p>\n\n\t\t<\/div>\n\t<\/div>\n<\/div><\/div><\/div><\/div><div class=\"mkdf-row-grid-section-wrapper\"  ><div class=\"mkdf-row-grid-section\"><div class=\"vc_row wpb_row vc_row-fluid vc_custom_1510756575991\" ><div class=\"wpb_column vc_column_container vc_col-sm-12 vc_col-lg-6\"><div class=\"vc_column-inner\"><div class=\"wpb_wrapper\"><div class=\"mkdf-section-title-holder  mkdf-st-standard mkdf-st-title-center mkdf-st-normal-space\" >\n\t<div class=\"mkdf-st-inner\">\n\t\t\t\t\t<h2 class=\"mkdf-st-title\" >\n\t\t\t\t\u0623\u0631\u0633\u0644 \u0644\u0646\u0627 \u0631\u0633\u0627\u0644\u0629\t\t\t<\/h2>\n\t\t\t\t\t\t\t<p class=\"mkdf-st-text\" style=\"font-size: 18px\">\n\t\t\t\t\u0633\u0646\u0628\u0630\u0644 \u0642\u0635\u0627\u0631\u0649 \u062c\u0647\u062f\u0646\u0627 \u0644\u0644\u0631\u062f \u0639\u0644\u0649 \u0637\u0644\u0628\u0643\t\t\t<\/p>\n\t\t\t<\/div>\n<\/div><div class=\"vc_empty_space\"   style=\"height: 9px\"><span class=\"vc_empty_space_inner\"><\/span><\/div><div role=\"form\" class=\"wpcf7\" id=\"wpcf7-f2654-o1\" lang=\"en-US\" dir=\"ltr\">\n<div class=\"screen-reader-response\"><p role=\"status\" aria-live=\"polite\" aria-atomic=\"true\"><\/p> <ul><\/ul><\/div>\n<form action=\"\/ar\/wp-json\/wp\/v2\/pages\/117#wpcf7-f2654-o1\" method=\"post\" class=\"wpcf7-form init\" novalidate=\"novalidate\" data-status=\"init\" data-trp-original-action=\"\/ar\/wp-json\/wp\/v2\/pages\/117#wpcf7-f2654-o1\">\n<div style=\"display: none;\">\n<input type=\"hidden\" name=\"_wpcf7\" value=\"2654\" \/>\n<input type=\"hidden\" name=\"_wpcf7_version\" value=\"5.6.3\" \/>\n<input type=\"hidden\" name=\"_wpcf7_locale\" value=\"en_US\" \/>\n<input type=\"hidden\" name=\"_wpcf7_unit_tag\" value=\"wpcf7-f2654-o1\" \/>\n<input type=\"hidden\" name=\"_wpcf7_container_post\" value=\"0\" \/>\n<input type=\"hidden\" name=\"_wpcf7_posted_data_hash\" value=\"\" \/>\n<input type=\"hidden\" name=\"_wpcf7_recaptcha_response\" value=\"\" \/>\n<\/div>\n<p><label>  \u0627\u0644\u0625\u0633\u0645 \u0648\u0627\u0644\u0644\u0642\u0628*<br \/>\n    <span class=\"wpcf7-form-control-wrap\" data-name=\"your-name\"><input type=\"text\" name=\"your-name\" value=\"\" size=\"40\" class=\"wpcf7-form-control wpcf7-text wpcf7-validates-as-required\" aria-required=\"true\" aria-invalid=\"false\" \/><\/span> <\/label><\/p>\n<p><label>  \u0627\u0644\u0628\u0631\u064a\u062f \u0627\u0644\u0625\u0644\u0643\u062a\u0631\u0648\u0646\u064a*<br \/>\n    <span class=\"wpcf7-form-control-wrap\" data-name=\"your-email\"><input type=\"email\" name=\"your-email\" value=\"\" size=\"40\" class=\"wpcf7-form-control wpcf7-text wpcf7-email wpcf7-validates-as-required wpcf7-validates-as-email\" aria-required=\"true\" aria-invalid=\"false\" \/><\/span> <\/label><\/p>\n<p><label> \u0631\u0642\u0645 \u0627\u0644\u0647\u0627\u062a\u0641<br \/>\n    <span class=\"wpcf7-form-control-wrap\" data-name=\"tel-760\"><input type=\"tel\" name=\"tel-760\" value=\"\" size=\"40\" class=\"wpcf7-form-control wpcf7-text wpcf7-tel wpcf7-validates-as-tel\" aria-invalid=\"false\" \/><\/span> <\/label><\/p>\n<p><label>  \u0631\u0633\u0627\u0644\u062a\u0643<br \/>\n    <span class=\"wpcf7-form-control-wrap\" data-name=\"your-message\"><textarea name=\"your-message\" cols=\"40\" rows=\"10\" class=\"wpcf7-form-control wpcf7-textarea\" aria-invalid=\"false\"><\/textarea><\/span> <\/label><\/p>\n<p><input type=\"submit\" value=\"\u0625\u0631\u0633\u0627\u0644\" class=\"wpcf7-form-control has-spinner wpcf7-submit\" \/><\/p>\n<div class=\"wpcf7-response-output\" aria-hidden=\"true\"><\/div><input type=\"hidden\" name=\"trp-form-language\" value=\"ar\"\/><\/form><\/div><div class=\"vc_empty_space\"   style=\"height: 65px\"><span class=\"vc_empty_space_inner\"><\/span><\/div><\/div><\/div><\/div><div class=\"wpb_column vc_column_container vc_col-sm-12 vc_col-lg-6\"><div class=\"vc_column-inner\"><div class=\"wpb_wrapper\"><div class=\"mkdf-elements-holder   mkdf-one-column  mkdf-responsive-mode-768\" ><div class=\"mkdf-eh-item\"  data-item-class=\"mkdf-eh-custom-9565\" data-768-1024=\"0px 0px 0px 0%\" data-680-768=\"0px 0px 0px 0%\" data-680=\"0px 0px 0px 0%\">\n\t<div class=\"mkdf-eh-item-inner\">\n\t\t<div class=\"mkdf-eh-item-content mkdf-eh-custom-9565\" style=\"padding: 0px 0px 0px 10%\">\n\t\t\t<div class=\"mkdf-section-title-holder  mkdf-st-standard mkdf-st-title-center mkdf-st-normal-space\" >\n\t<div class=\"mkdf-st-inner\">\n\t\t\t\t\t<h2 class=\"mkdf-st-title\" >\n\t\t\t\t\u0641\u064a \u0645\u0627 \u064a\u062e\u0635\u0646\u0627\t\t\t<\/h2>\n\t\t\t\t\t\t\t<p class=\"mkdf-st-text\" style=\"font-size: 18px\">\n\t\t\t\t\u0623\u0648\u0644 \u0634\u0628\u0643\u0629 \u0648\u0643\u0644\u0627\u0621 \u0639\u0642\u0627\u0631\u064a\u064a\u0646 \u0641\u064a \u0627\u0644\u0645\u063a\u0631\u0628\t\t\t<\/p>\n\t\t\t<\/div>\n<\/div><div class=\"vc_empty_space\"   style=\"height: 13px\"><span class=\"vc_empty_space_inner\"><\/span><\/div>\n\t<div class=\"wpb_text_column wpb_content_element\" >\n\t\t<div class=\"wpb_wrapper\">\n\t\t\t<p>\u0645\u0644\u0643\u064a\u0629 \u0647\u064a \u0634\u0628\u0643\u0629 \u0645\u0646 \u0648\u0643\u0644\u0627\u0621 \u0627\u0644\u0639\u0642\u0627\u0631\u0627\u062a \u0639\u0644\u0649 \u0623\u0633\u0627\u0633 \u0645\u0641\u0647\u0648\u0645 \u0648\u0643\u0627\u0644\u0629 \u0627\u0644\u0639\u0642\u0627\u0631\u0627\u062a \u063a\u064a\u0631 \u0627\u0644\u0645\u0627\u062f\u064a\u0629 \u060c \u0645\u0633\u062a\u0648\u062d\u0627\u0629 \u0645\u0646 \u0646\u0645\u0648\u0630\u062c \u0641\u0631\u0646\u0633\u064a \u0648\u0631\u0627\u0626\u062f \u0623\u0648\u0631\u0648\u0628\u064a.<\/p>\n\n\t\t<\/div>\n\t<\/div>\n<div class=\"vc_empty_space\"   style=\"height: 12px\"><span class=\"vc_empty_space_inner\"><\/span><\/div>\n\t<div class=\"wpb_text_column wpb_content_element\" >\n\t\t<div class=\"wpb_wrapper\">\n\t\t\t<p>\u062a\u0639\u0645\u0644 \u0645\u0644\u0643\u064a\u0629 \u0648\u0641\u0642\u064b\u0627 \u0644\u062b\u0644\u0627\u062b\u0629 \u0645\u0628\u0627\u062f\u0626 \u0623\u0633\u0627\u0633\u064a\u0629 \u060c \u0648\u0627\u0644\u062a\u064a \u062a\u0634\u0643\u0644 \u062d\u0645\u0636\u0647\u0627 \u0627\u0644\u0646\u0648\u0648\u064a \u0627\u0644\u0641\u0631\u064a\u062f. \u0627\u0644\u0639\u0642\u0627\u0631\u0627\u062a \u0648\u0627\u0644\u062a\u0633\u0648\u064a\u0642 \u0627\u0644\u0634\u0628\u0643\u064a \u0648\u0627\u0644\u0631\u0642\u0645\u064a<\/p>\n\n\t\t<\/div>\n\t<\/div>\n<div class=\"mkdf-separator-holder clearfix  mkdf-separator-center mkdf-separator-full-width\">\n\t<div class=\"mkdf-separator\" style=\"border-color: #e1e1e1;border-bottom-width: 1px;margin-top: 38px;margin-bottom: 40px\"><\/div>\n<\/div>\n<div class=\"mkdf-icon-list-holder\" >\n\t<div class=\"mkdf-il-icon-holder\">\n\t\t<i class=\"mkdf-icon-simple-line-icon icon-location-pin\" style=\"font-size: 13px\"><\/i>\t<\/div>\n\t<p class=\"mkdf-il-text\" style=\"padding-left: 20px\">\u062d\u064a \u0631\u0627\u0633\u064a\u0646 \u060c \u0627\u0644\u062f\u0627\u0631 \u0627\u0644\u0628\u064a\u0636\u0627\u0621 \u060c \u0627\u0644\u0645\u063a\u0631\u0628<\/p>\n<\/div><div class=\"mkdf-icon-list-holder\" >\n\t<div class=\"mkdf-il-icon-holder\">\n\t\t<i class=\"mkdf-icon-simple-line-icon icon-call-end\" style=\"font-size: 13px\"><\/i>\t<\/div>\n\t<p class=\"mkdf-il-text\" style=\"padding-left: 20px\">+212 522 392 900<\/p>\n<\/div><div class=\"mkdf-icon-list-holder\" >\n\t<div class=\"mkdf-il-icon-holder\">\n\t\t<i class=\"mkdf-icon-simple-line-icon icon-envelope\" style=\"font-size: 13px\"><\/i>\t<\/div>\n\t<p class=\"mkdf-il-text\" style=\"padding-left: 20px\">web-support@milkiya.ma<\/p>\n<\/div><div class=\"vc_empty_space\"   style=\"height: 12px\"><span class=\"vc_empty_space_inner\"><\/span><\/div>\n\t<div class=\"wpb_text_column wpb_content_element\" >\n\t\t<div class=\"wpb_wrapper\">\n\t\t\t<p>\u0644\u0627 \u062a\u0646\u0633\u0649 \u0645\u062a\u0627\u0628\u0639\u062a\u0646\u0627 \u0639\u0644\u0649:<\/p>\n\n\t\t<\/div>\n\t<\/div>\n<div class=\"vc_empty_space\"   style=\"height: 12px\"><span class=\"vc_empty_space_inner\"><\/span><\/div>    <span class=\"mkdf-icon-shortcode mkdf-normal\" style=\"margin: 0px 15px 0px 0px\" data-hover-color=\"#dd3333\" data-color=\"#010101\">\n                    <a itemprop=\"url\" class=\"\" href=\"https:\/\/www.linkedin.com\/company\/milkiya\/\" target=\"_blank\">\n                    <i class=\"mkdf-icon-font-awesome fa fa-linkedin mkdf-icon-element\" style=\"color: #010101;font-size:15px\" ><\/i>                    <\/a>\n            <\/span>\n    <span class=\"mkdf-icon-shortcode mkdf-normal\" style=\"margin: 0px 15px 0px 0px\" data-hover-color=\"#dd3333\" data-color=\"#010101\">\n                    <a itemprop=\"url\" class=\"\" href=\"https:\/\/www.instagram.com\/milkiya.officiel\/\" target=\"_blank\">\n                    <i class=\"mkdf-icon-font-awesome fa fa-instagram mkdf-icon-element\" style=\"color: #010101;font-size:15px\" ><\/i>                    <\/a>\n            <\/span>\n    <span class=\"mkdf-icon-shortcode mkdf-normal\" style=\"margin: 0px 15px 0px 0px\" data-hover-color=\"#dd3333\" data-color=\"#010101\">\n                    <a itemprop=\"url\" class=\"\" href=\"https:\/\/www.facebook.com\/MILKIYA.officiel\/\" target=\"_blank\">\n                    <i class=\"mkdf-icon-font-awesome fa fa-facebook mkdf-icon-element\" style=\"color: #010101;font-size:15px\" ><\/i>                    <\/a>\n            <\/span>\n    <span class=\"mkdf-icon-shortcode mkdf-normal\" style=\"margin: 0px 15px 0px 0px\" data-hover-color=\"#dd3333\" data-color=\"#010101\">\n                    <a itemprop=\"url\" class=\"\" href=\"https:\/\/twitter.com\/Milkiyaofficiel\" target=\"_self\">\n                    <i class=\"mkdf-icon-font-awesome fa fa-twitter mkdf-icon-element\" style=\"color: #010101;font-size:15px\" ><\/i>                    <\/a>\n            <\/span>\n    <span class=\"mkdf-icon-shortcode mkdf-normal\" style=\"margin: 0px 15px 0px 0px\" data-hover-color=\"#dd3333\" data-color=\"#010101\">\n                    <a itemprop=\"url\" class=\"\" href=\"https:\/\/www.youtube.com\/channel\/UCa32DV68-7v4dFaNsUMHo-w\" target=\"_self\">\n                    <i class=\"mkdf-icon-font-awesome fa fa-youtube-play mkdf-icon-element\" style=\"color: #010101;font-size:15px\" ><\/i>                    <\/a>\n            <\/span>\n<div class=\"vc_empty_space\"   style=\"height: 65px\"><span class=\"vc_empty_space_inner\"><\/span><\/div>\t\t<\/div>\n\t<\/div>\n<\/div><\/div><\/div><\/div><\/div><\/div><\/div><\/div>","protected":false},"excerpt":{"rendered":"[milkiya_test_api_response] Envoyez-nous un message Nous mettrons tout en \u0153uvre pour r\u00e9pondre \u00e0 votre demande. Nom et Pr\u00e9nom* Adresse e-mail* T\u00e9l\u00e9phone Votre message A propos de nous Premier r\u00e9seau d'agents immobiliers au Maroc. Milkiya est un r\u00e9seau d'agents immobiliers qui repose sur le concept d\u2019agence immobili\u00e8re [...]","protected":false},"author":1,"featured_media":0,"parent":0,"menu_order":0,"comment_status":"closed","ping_status":"closed","template":"full-width.php","meta":{"footnotes":""},"class_list":["post-117","page","type-page","status-publish","hentry"],"acf":[],"aioseo_notices":[],"_links":{"self":[{"href":"https:\/\/int.milkiya.ma\/ar\/wp-json\/wp\/v2\/pages\/117","targetHints":{"allow":["GET"]}}],"collection":[{"href":"https:\/\/int.milkiya.ma\/ar\/wp-json\/wp\/v2\/pages"}],"about":[{"href":"https:\/\/int.milkiya.ma\/ar\/wp-json\/wp\/v2\/types\/page"}],"author":[{"embeddable":true,"href":"https:\/\/int.milkiya.ma\/ar\/wp-json\/wp\/v2\/users\/1"}],"replies":[{"embeddable":true,"href":"https:\/\/int.milkiya.ma\/ar\/wp-json\/wp\/v2\/comments?post=117"}],"version-history":[{"count":18,"href":"https:\/\/int.milkiya.ma\/ar\/wp-json\/wp\/v2\/pages\/117\/revisions"}],"predecessor-version":[{"id":5101,"href":"https:\/\/int.milkiya.ma\/ar\/wp-json\/wp\/v2\/pages\/117\/revisions\/5101"}],"wp:attachment":[{"href":"https:\/\/int.milkiya.ma\/ar\/wp-json\/wp\/v2\/media?parent=117"}],"curies":[{"name":"wp","href":"https:\/\/api.w.org\/{rel}","templated":true}]}}